{"id":7,"date":"2016-03-29T15:00:12","date_gmt":"2016-03-29T13:00:12","guid":{"rendered":"http:\/\/localhost\/premium-apartement-bensheim.de\/?page_id=7"},"modified":"2024-03-20T17:38:18","modified_gmt":"2024-03-20T16:38:18","slug":"home","status":"publish","type":"page","link":"https:\/\/www.premium-apartment-bensheim.de\/en\/","title":{"rendered":"Home"},"content":{"rendered":"<p><\/p>\n<h2>Welcome to<\/h2>\n<h1>Premium Apartment Bensheim &#8211; with aircondition<\/h1>\n<p style=\"text-align: center;\">We are glad that you found our page.<\/p>\n<p style=\"text-align: center;\"><img loading=\"lazy\" decoding=\"async\" class=\"alignnone size-full wp-image-418\" src=\"https:\/\/www.premium-apartment-bensheim.de\/wp-content\/uploads\/2016\/06\/frankreich.jpg\" alt=\"Premium Apartment Bensheim Flagge Frankreich\" width=\"33\" height=\"20\" \/> Si vous pr\u00e9f\u00e9rez, vous pouvez \u00e9crire en fran\u00e7ais aussi.<\/p>\n<p style=\"text-align: center;\"><img loading=\"lazy\" decoding=\"async\" class=\"alignnone size-full wp-image-420\" src=\"https:\/\/www.premium-apartment-bensheim.de\/wp-content\/uploads\/2016\/06\/spanien.jpg\" alt=\"Premium Apartment Bensheim Flagge Spanien\" width=\"33\" height=\"20\" \/> Si quierren, es possible escribir en espa\u00f1ol tambi\u00e9n.<\/p>\n<div id=\"metaslider-id-567\" style=\"width: 100%;\" class=\"ml-slider-3-62-0 metaslider metaslider-flex metaslider-567 ml-slider metaslider-box ml-slider-lightbox-1-12-0 responsive-lightbox-gallery-2-4-7 ms-theme-default nav-hidden nav-hidden\" role=\"region\" aria-roledescription=\"Slideshow\" aria-label=\"Startseite\">\n    <div id=\"metaslider_container_567\">\n        <div id=\"metaslider_567\">\n            <ul aria-live=\"polite\" class=\"slides\">\n                <li style=\"display: none; width: 100%;\" class=\"slide-568 ms-image \" aria-roledescription=\"slide\" aria-label=\"slide-568\"><a href=\"https:\/\/www.premium-apartment-bensheim.de\/wp-content\/uploads\/2024\/02\/02a_Galerie-Essbereich.jpeg\" target=\"_self\" rel=\"lightbox[567]\" data-rel=\"lightbox-image-0\" data-rl_title=\"\" data-rl_caption=\"\"><img loading=\"lazy\" decoding=\"async\" src=\"https:\/\/www.premium-apartment-bensheim.de\/wp-content\/uploads\/2024\/02\/02a_Galerie-Essbereich-340x250.jpeg\" height=\"250\" width=\"340\" alt=\"\" class=\"slider-567 slide-568\" title=\"\" \/><\/a><\/li>\n                <li style=\"display: none; width: 100%;\" class=\"slide-569 ms-image \" aria-roledescription=\"slide\" aria-label=\"slide-569\"><a href=\"https:\/\/www.premium-apartment-bensheim.de\/wp-content\/uploads\/2024\/02\/02b_Galerie-Essbereich.jpeg\" target=\"_self\" rel=\"lightbox[567]\" data-rel=\"lightbox-image-1\" data-rl_title=\"\" data-rl_caption=\"\"><img loading=\"lazy\" decoding=\"async\" src=\"https:\/\/www.premium-apartment-bensheim.de\/wp-content\/uploads\/2024\/02\/02b_Galerie-Essbereich-340x250.jpeg\" height=\"250\" width=\"340\" alt=\"\" class=\"slider-567 slide-569\" title=\"\" \/><\/a><\/li>\n                <li style=\"display: none; width: 100%;\" class=\"slide-570 ms-image \" aria-roledescription=\"slide\" aria-label=\"slide-570\"><a href=\"https:\/\/www.premium-apartment-bensheim.de\/wp-content\/uploads\/2024\/02\/02c_Galerie-Essbereich.jpeg\" target=\"_self\" rel=\"lightbox[567]\" data-rel=\"lightbox-image-2\" data-rl_title=\"\" data-rl_caption=\"\"><img loading=\"lazy\" decoding=\"async\" src=\"https:\/\/www.premium-apartment-bensheim.de\/wp-content\/uploads\/2024\/02\/02c_Galerie-Essbereich-340x250.jpeg\" height=\"250\" width=\"340\" alt=\"\" class=\"slider-567 slide-570\" title=\"\" \/><\/a><\/li>\n                <li style=\"display: none; width: 100%;\" class=\"slide-571 ms-image \" aria-roledescription=\"slide\" aria-label=\"slide-571\"><a href=\"https:\/\/www.premium-apartment-bensheim.de\/wp-content\/uploads\/2024\/02\/02d_Galerie-Essbereich.jpeg\" target=\"_self\" rel=\"lightbox[567]\" data-rel=\"lightbox-image-3\" data-rl_title=\"\" data-rl_caption=\"\"><img loading=\"lazy\" decoding=\"async\" src=\"https:\/\/www.premium-apartment-bensheim.de\/wp-content\/uploads\/2024\/02\/02d_Galerie-Essbereich-340x250.jpeg\" height=\"250\" width=\"340\" alt=\"\" class=\"slider-567 slide-571\" title=\"\" \/><\/a><\/li>\n                <li style=\"display: none; width: 100%;\" class=\"slide-573 ms-image \" aria-roledescription=\"slide\" aria-label=\"slide-573\"><a href=\"https:\/\/www.premium-apartment-bensheim.de\/wp-content\/uploads\/2024\/02\/03a_Galerie-Wohnzimmer.jpeg\" target=\"_self\" rel=\"lightbox[567]\" data-rel=\"lightbox-image-4\" data-rl_title=\"\" data-rl_caption=\"\"><img loading=\"lazy\" decoding=\"async\" src=\"https:\/\/www.premium-apartment-bensheim.de\/wp-content\/uploads\/2024\/02\/03a_Galerie-Wohnzimmer-340x250.jpeg\" height=\"250\" width=\"340\" alt=\"\" class=\"slider-567 slide-573\" title=\"\" \/><\/a><\/li>\n                <li style=\"display: none; width: 100%;\" class=\"slide-574 ms-image \" aria-roledescription=\"slide\" aria-label=\"slide-574\"><a href=\"https:\/\/www.premium-apartment-bensheim.de\/wp-content\/uploads\/2024\/02\/04_Galerie-Kueche.jpeg\" target=\"_self\" rel=\"lightbox[567]\" data-rel=\"lightbox-image-5\" data-rl_title=\"\" data-rl_caption=\"\"><img loading=\"lazy\" decoding=\"async\" src=\"https:\/\/www.premium-apartment-bensheim.de\/wp-content\/uploads\/2024\/02\/04_Galerie-Kueche-340x250.jpeg\" height=\"250\" width=\"340\" alt=\"\" class=\"slider-567 slide-574\" title=\"\" \/><\/a><\/li>\n                <li style=\"display: none; width: 100%;\" class=\"slide-575 ms-image \" aria-roledescription=\"slide\" aria-label=\"slide-575\"><a href=\"https:\/\/www.premium-apartment-bensheim.de\/wp-content\/uploads\/2024\/02\/05b_Galerie-Treppe.jpeg\" target=\"_self\" rel=\"lightbox[567]\" data-rel=\"lightbox-image-6\" data-rl_title=\"\" data-rl_caption=\"\"><img loading=\"lazy\" decoding=\"async\" src=\"https:\/\/www.premium-apartment-bensheim.de\/wp-content\/uploads\/2024\/02\/05b_Galerie-Treppe-340x250.jpeg\" height=\"250\" width=\"340\" alt=\"\" class=\"slider-567 slide-575\" title=\"\" \/><\/a><\/li>\n                <li style=\"display: none; width: 100%;\" class=\"slide-576 ms-image \" aria-roledescription=\"slide\" aria-label=\"slide-576\"><a href=\"https:\/\/www.premium-apartment-bensheim.de\/wp-content\/uploads\/2024\/02\/05c_Galerie-Treppe.jpeg\" target=\"_self\" rel=\"lightbox[567]\" data-rel=\"lightbox-image-7\" data-rl_title=\"\" data-rl_caption=\"\"><img loading=\"lazy\" decoding=\"async\" src=\"https:\/\/www.premium-apartment-bensheim.de\/wp-content\/uploads\/2024\/02\/05c_Galerie-Treppe-340x250.jpeg\" height=\"250\" width=\"340\" alt=\"\" class=\"slider-567 slide-576\" title=\"\" \/><\/a><\/li>\n                <li style=\"display: none; width: 100%;\" class=\"slide-577 ms-image \" aria-roledescription=\"slide\" aria-label=\"slide-577\"><a href=\"https:\/\/www.premium-apartment-bensheim.de\/wp-content\/uploads\/2024\/02\/07a_Galerie-Schlafzimmer-1.jpeg\" target=\"_self\" rel=\"lightbox[567]\" data-rel=\"lightbox-image-8\" data-rl_title=\"\" data-rl_caption=\"\"><img loading=\"lazy\" decoding=\"async\" src=\"https:\/\/www.premium-apartment-bensheim.de\/wp-content\/uploads\/2024\/02\/07a_Galerie-Schlafzimmer-1-340x250.jpeg\" height=\"250\" width=\"340\" alt=\"\" class=\"slider-567 slide-577\" title=\"\" \/><\/a><\/li>\n                <li style=\"display: none; width: 100%;\" class=\"slide-578 ms-image \" aria-roledescription=\"slide\" aria-label=\"slide-578\"><a href=\"https:\/\/www.premium-apartment-bensheim.de\/wp-content\/uploads\/2024\/02\/07b_Galerie-Schlafzimmer-2.jpeg\" target=\"_self\" rel=\"lightbox[567]\" data-rel=\"lightbox-image-9\" data-rl_title=\"\" data-rl_caption=\"\"><img loading=\"lazy\" decoding=\"async\" src=\"https:\/\/www.premium-apartment-bensheim.de\/wp-content\/uploads\/2024\/02\/07b_Galerie-Schlafzimmer-2-340x250.jpeg\" height=\"250\" width=\"340\" alt=\"\" class=\"slider-567 slide-578\" title=\"\" \/><\/a><\/li>\n                <li style=\"display: none; width: 100%;\" class=\"slide-579 ms-image \" aria-roledescription=\"slide\" aria-label=\"slide-579\"><a href=\"https:\/\/www.premium-apartment-bensheim.de\/wp-content\/uploads\/2024\/02\/07c_Galerie-Schlafzimmer.jpeg\" target=\"_self\" rel=\"lightbox[567]\" data-rel=\"lightbox-image-10\" data-rl_title=\"\" data-rl_caption=\"\"><img loading=\"lazy\" decoding=\"async\" src=\"https:\/\/www.premium-apartment-bensheim.de\/wp-content\/uploads\/2024\/02\/07c_Galerie-Schlafzimmer-340x250.jpeg\" height=\"250\" width=\"340\" alt=\"\" class=\"slider-567 slide-579\" title=\"\" \/><\/a><\/li>\n                <li style=\"display: none; width: 100%;\" class=\"slide-580 ms-image \" aria-roledescription=\"slide\" aria-label=\"slide-580\"><a href=\"https:\/\/www.premium-apartment-bensheim.de\/wp-content\/uploads\/2024\/02\/07d_Galerie-Schlafzimmer.jpeg\" target=\"_self\" rel=\"lightbox[567]\" data-rel=\"lightbox-image-11\" data-rl_title=\"\" data-rl_caption=\"\"><img loading=\"lazy\" decoding=\"async\" src=\"https:\/\/www.premium-apartment-bensheim.de\/wp-content\/uploads\/2024\/02\/07d_Galerie-Schlafzimmer-340x250.jpeg\" height=\"250\" width=\"340\" alt=\"\" class=\"slider-567 slide-580\" title=\"\" \/><\/a><\/li>\n                <li style=\"display: none; width: 100%;\" class=\"slide-581 ms-image \" aria-roledescription=\"slide\" aria-label=\"slide-581\"><a href=\"https:\/\/www.premium-apartment-bensheim.de\/wp-content\/uploads\/2024\/02\/07e_Galerie-Schlafzimmer.jpeg\" target=\"_self\" rel=\"lightbox[567]\" data-rel=\"lightbox-image-12\" data-rl_title=\"\" data-rl_caption=\"\"><img loading=\"lazy\" decoding=\"async\" src=\"https:\/\/www.premium-apartment-bensheim.de\/wp-content\/uploads\/2024\/02\/07e_Galerie-Schlafzimmer-340x250.jpeg\" height=\"250\" width=\"340\" alt=\"\" class=\"slider-567 slide-581\" title=\"\" \/><\/a><\/li>\n                <li style=\"display: none; width: 100%;\" class=\"slide-582 ms-image \" aria-roledescription=\"slide\" aria-label=\"slide-582\"><a href=\"https:\/\/www.premium-apartment-bensheim.de\/wp-content\/uploads\/2024\/02\/08_Galerie-Bad.jpeg\" target=\"_self\" rel=\"lightbox[567]\" data-rel=\"lightbox-image-13\" data-rl_title=\"\" data-rl_caption=\"\"><img loading=\"lazy\" decoding=\"async\" src=\"https:\/\/www.premium-apartment-bensheim.de\/wp-content\/uploads\/2024\/02\/08_Galerie-Bad-340x250.jpeg\" height=\"250\" width=\"340\" alt=\"\" class=\"slider-567 slide-582\" title=\"\" \/><\/a><\/li>\n                <li style=\"display: none; width: 100%;\" class=\"slide-583 ms-image \" aria-roledescription=\"slide\" aria-label=\"slide-583\"><a href=\"https:\/\/www.premium-apartment-bensheim.de\/wp-content\/uploads\/2024\/02\/08b_Galerie-Wohnzimmer.jpeg\" target=\"_self\" rel=\"lightbox[567]\" data-rel=\"lightbox-image-14\" data-rl_title=\"\" data-rl_caption=\"\"><img loading=\"lazy\" decoding=\"async\" src=\"https:\/\/www.premium-apartment-bensheim.de\/wp-content\/uploads\/2024\/02\/08b_Galerie-Wohnzimmer-340x250.jpeg\" height=\"250\" width=\"340\" alt=\"\" class=\"slider-567 slide-583\" title=\"\" \/><\/a><\/li>\n                <li style=\"display: none; width: 100%;\" class=\"slide-584 ms-image \" aria-roledescription=\"slide\" aria-label=\"slide-584\"><a href=\"https:\/\/www.premium-apartment-bensheim.de\/wp-content\/uploads\/2024\/02\/08c_Galerie-Wohnzimmer.jpeg\" target=\"_self\" rel=\"lightbox[567]\" data-rel=\"lightbox-image-15\" data-rl_title=\"\" data-rl_caption=\"\"><img loading=\"lazy\" decoding=\"async\" src=\"https:\/\/www.premium-apartment-bensheim.de\/wp-content\/uploads\/2024\/02\/08c_Galerie-Wohnzimmer-340x250.jpeg\" height=\"250\" width=\"340\" alt=\"\" class=\"slider-567 slide-584\" title=\"\" \/><\/a><\/li>\n                <li style=\"display: none; width: 100%;\" class=\"slide-585 ms-image \" aria-roledescription=\"slide\" aria-label=\"slide-585\"><a href=\"https:\/\/www.premium-apartment-bensheim.de\/wp-content\/uploads\/2024\/02\/09_Galerie-Dusche.jpeg\" target=\"_self\" rel=\"lightbox[567]\" data-rel=\"lightbox-image-16\" data-rl_title=\"\" data-rl_caption=\"\"><img loading=\"lazy\" decoding=\"async\" src=\"https:\/\/www.premium-apartment-bensheim.de\/wp-content\/uploads\/2024\/02\/09_Galerie-Dusche-340x250.jpeg\" height=\"250\" width=\"340\" alt=\"\" class=\"slider-567 slide-585\" title=\"\" \/><\/a><\/li>\n                <li style=\"display: none; width: 100%;\" class=\"slide-645 ms-image \" aria-roledescription=\"slide\" aria-label=\"slide-645\"><a href=\"https:\/\/www.premium-apartment-bensheim.de\/wp-content\/uploads\/2025\/11\/02e_Essbereich-scaled.jpg\" target=\"_self\" rel=\"lightbox[567]\" data-rel=\"lightbox-image-17\" data-rl_title=\"\" data-rl_caption=\"\"><img loading=\"lazy\" decoding=\"async\" src=\"https:\/\/www.premium-apartment-bensheim.de\/wp-content\/uploads\/2025\/11\/02e_Essbereich-scaled-340x250.jpg\" height=\"250\" width=\"340\" alt=\"\" class=\"slider-567 slide-645\" title=\"\" \/><\/a><\/li>\n                <li style=\"display: none; width: 100%;\" class=\"slide-647 ms-image \" aria-roledescription=\"slide\" aria-label=\"slide-647\"><a href=\"https:\/\/www.premium-apartment-bensheim.de\/wp-content\/uploads\/2025\/11\/10c_Aussenansicht-scaled.jpg\" target=\"_self\" rel=\"lightbox[567]\" data-rel=\"lightbox-image-18\" data-rl_title=\"\" data-rl_caption=\"\"><img loading=\"lazy\" decoding=\"async\" src=\"https:\/\/www.premium-apartment-bensheim.de\/wp-content\/uploads\/2025\/11\/10c_Aussenansicht-scaled-340x250.jpg\" height=\"250\" width=\"340\" alt=\"\" class=\"slider-567 slide-647\" title=\"\" \/><\/a><\/li>\n                <li style=\"display: none; width: 100%;\" class=\"slide-648 ms-image \" aria-roledescription=\"slide\" aria-label=\"slide-648\"><a href=\"https:\/\/www.premium-apartment-bensheim.de\/wp-content\/uploads\/2025\/11\/10b_Terrasse-2-scaled.jpg\" target=\"_self\" rel=\"lightbox[567]\" data-rel=\"lightbox-image-19\" data-rl_title=\"\" data-rl_caption=\"\"><img loading=\"lazy\" decoding=\"async\" src=\"https:\/\/www.premium-apartment-bensheim.de\/wp-content\/uploads\/2025\/11\/10b_Terrasse-2-scaled-340x250.jpg\" height=\"250\" width=\"340\" alt=\"\" class=\"slider-567 slide-648\" title=\"\" \/><\/a><\/li>\n                <li style=\"display: none; width: 100%;\" class=\"slide-649 ms-image \" aria-roledescription=\"slide\" aria-label=\"slide-649\"><a href=\"https:\/\/www.premium-apartment-bensheim.de\/wp-content\/uploads\/2025\/11\/10a_Terrasse-1-scaled.jpg\" target=\"_self\" rel=\"lightbox[567]\" data-rel=\"lightbox-image-20\" data-rl_title=\"\" data-rl_caption=\"\"><img loading=\"lazy\" decoding=\"async\" src=\"https:\/\/www.premium-apartment-bensheim.de\/wp-content\/uploads\/2025\/11\/10a_Terrasse-1-scaled-340x250.jpg\" height=\"250\" width=\"340\" alt=\"\" class=\"slider-567 slide-649\" title=\"\" \/><\/a><\/li>\n                <li style=\"display: none; width: 100%;\" class=\"slide-650 ms-image \" aria-roledescription=\"slide\" aria-label=\"slide-650\"><a href=\"https:\/\/www.premium-apartment-bensheim.de\/wp-content\/uploads\/2025\/11\/01-HA.jpg\" target=\"_self\" rel=\"lightbox[567]\" data-rel=\"lightbox-image-21\" data-rl_title=\"\" data-rl_caption=\"\"><img loading=\"lazy\" decoding=\"async\" src=\"https:\/\/www.premium-apartment-bensheim.de\/wp-content\/uploads\/2025\/11\/01-HA-340x250.jpg\" height=\"250\" width=\"340\" alt=\"\" class=\"slider-567 slide-650\" title=\"\" \/><\/a><\/li>\n            <\/ul>\n        <\/div>\n        \n    <\/div>\n<\/div>\n<p style=\"text-align: center;\">An airy, split level duplex, centrally located and easily accessible via a lift.<\/p>\n<p style=\"text-align: center;\">A centrally located apartment within the very heart of Bensheim, this is a domicile for the discerning client.<\/p>\n<p style=\"text-align: center;\">Two separate living areas within one property, with a high quality finish and a feeling of luxury located within spitting distance of the centre of town.<\/p>\n<p style=\"text-align: center;\">We are looking forward to seeing you soon!<\/p>\n<p>\u00a0<\/p>","protected":false},"excerpt":{"rendered":"<p>Welcome to Premium Apartment Bensheim &#8211; with aircondition We are glad that you found our page. Si vous pr\u00e9f\u00e9rez, vous pouvez \u00e9crire en fran\u00e7ais aussi. Si quierren, es possible escribir en espa\u00f1ol tambi\u00e9n. An airy, split level duplex, centrally located and easily accessible via a lift. A centrally located apartment within the very heart of [&hellip;]<\/p>\n","protected":false},"author":1,"featured_media":0,"parent":0,"menu_order":0,"comment_status":"closed","ping_status":"closed","template":"","meta":{"footnotes":""},"_links":{"self":[{"href":"https:\/\/www.premium-apartment-bensheim.de\/en\/wp-json\/wp\/v2\/pages\/7"}],"collection":[{"href":"https:\/\/www.premium-apartment-bensheim.de\/en\/wp-json\/wp\/v2\/pages"}],"about":[{"href":"https:\/\/www.premium-apartment-bensheim.de\/en\/wp-json\/wp\/v2\/types\/page"}],"author":[{"embeddable":true,"href":"https:\/\/www.premium-apartment-bensheim.de\/en\/wp-json\/wp\/v2\/users\/1"}],"replies":[{"embeddable":true,"href":"https:\/\/www.premium-apartment-bensheim.de\/en\/wp-json\/wp\/v2\/comments?post=7"}],"version-history":[{"count":115,"href":"https:\/\/www.premium-apartment-bensheim.de\/en\/wp-json\/wp\/v2\/pages\/7\/revisions"}],"predecessor-version":[{"id":588,"href":"https:\/\/www.premium-apartment-bensheim.de\/en\/wp-json\/wp\/v2\/pages\/7\/revisions\/588"}],"wp:attachment":[{"href":"https:\/\/www.premium-apartment-bensheim.de\/en\/wp-json\/wp\/v2\/media?parent=7"}],"curies":[{"name":"wp","href":"https:\/\/api.w.org\/{rel}","templated":true}]}}